{"id":3,"date":"2022-11-24T15:08:57","date_gmt":"2022-11-24T15:08:57","guid":{"rendered":"https:\/\/www.m3l-clinic.pt\/?page_id=3"},"modified":"2023-03-01T13:13:02","modified_gmt":"2023-03-01T13:13:02","slug":"privacy-policy","status":"publish","type":"page","link":"https:\/\/www.m3l-clinic.pt\/en\/privacy-policy\/","title":{"rendered":"Pol\u00edtica de Privacidade"},"content":{"rendered":"<div data-elementor-type=\"wp-page\" data-elementor-id=\"3\" class=\"elementor elementor-3\" data-elementor-post-type=\"page\">\n\t\t\t\t\t\t<section class=\"elementor-section elementor-top-section elementor-element elementor-element-3e574ed5 elementor-section-boxed elementor-section-height-default elementor-section-height-default\" data-id=\"3e574ed5\" data-element_type=\"section\" data-e-type=\"section\">\n\t\t\t\t\t\t<div class=\"elementor-container elementor-column-gap-default\">\n\t\t\t\t\t<div class=\"elementor-column elementor-col-100 elementor-top-column elementor-element elementor-element-56a36e4e\" data-id=\"56a36e4e\" data-element_type=\"column\" data-e-type=\"column\">\n\t\t\t<div class=\"elementor-widget-wrap elementor-element-populated\">\n\t\t\t\t\t\t<div class=\"elementor-element elementor-element-4a8baa9c elementor-widget elementor-widget-text-editor\" data-id=\"4a8baa9c\" data-element_type=\"widget\" data-e-type=\"widget\" data-widget_type=\"text-editor.default\">\n\t\t\t\t<div class=\"elementor-widget-container\">\n\t\t\t\t\t\t\t\t\t\n<p style=\"font-weight: 400;\"><strong>Pol\u00edtica de privacidade da M3L Clinic<\/strong><\/p>\n<ol>\n<li style=\"font-weight: 400;\">O nosso compromisso de privacidade<\/li>\n<\/ol>\n<p style=\"font-weight: 400;\">Na\u00a0<strong>M3L Clinic<\/strong>, compreendemos que a utiliza\u00e7\u00e3o dos seus dados pessoais requer a sua confian\u00e7a.<br \/>A confidencialidade e a integridade dos seus dados pessoais \u00e9 uma das nossas principais preocupa\u00e7\u00f5es. Estamos sujeitos aos mais elevados padr\u00f5es de privacidade e apenas iremos utilizar os seus dados pessoais para finalidades claramente identificadas.<\/p>\n<p style=\"font-weight: 400;\">A Pol\u00edtica de Privacidade, bem como a recolha, o tratamento e\/ou transmiss\u00e3o de Dados Pessoais do Titular, s\u00e3o regidos de acordo legisla\u00e7\u00e3o e regulamenta\u00e7\u00e3o aplic\u00e1veis em Portugal, incluindo com o disposto no Regulamento (UE) 2016\/679, do Parlamento Europeu e do Conselho, de 27 de abril de 2016.<\/p>\n<p style=\"font-weight: 400;\">Todas as suas informa\u00e7\u00f5es pessoais recolhidas, ser\u00e3o usadas para o ajudar a tornar a sua visita ao nosso website ou \u00e0 nossa cl\u00ednica, o mais agrad\u00e1vel e personalizada poss\u00edvel, sendo ainda, os estritamente necess\u00e1rios para cumprir com obriga\u00e7\u00f5es legais e regulamentares, bem como, para cumprimento de interesses leg\u00edtimos relacionados com a nossa atividade e gest\u00e3o interna.<\/p>\n<p style=\"font-weight: 400;\">A equipa da M3L Clinic reserva-se ao direito de alterar esta Pol\u00edtica sem aviso pr\u00e9vio, para refletir quaisquer mudan\u00e7as na forma como tratamos os seus dados pessoais ou mudan\u00e7as na legisla\u00e7\u00e3o aplic\u00e1vel. Deste modo, recomendamos que consulte a nossa Pol\u00edtica de Privacidade com regularidade, de forma a estar sempre atualizado. Se tiver perguntas ou coment\u00e1rios relativamente \u00e0 nossa Pol\u00edtica de Privacidade, n\u00e3o hesite em contactar-nos pelos meios indicados na sec\u00e7\u00e3o \u20188. Direitos do Titular\u2019.<\/p>\n<ol start=\"2\">\n<li style=\"font-weight: 400;\">Informa\u00e7\u00e3o Geral<\/li>\n<\/ol>\n<p style=\"font-weight: 400;\">A M3L Clinic apresenta uma oferta integrada desenvolvendo a sua atividade atrav\u00e9s da presta\u00e7\u00e3o de servi\u00e7os em diferentes \u00e1reas m\u00e9dicas nomeadamente, Implatologia, Ortondontia, Periodontologia, Est\u00e9tica e Realbilita\u00e7\u00e3o Oral, Dentisteria, Endodontia, Oclus\u00e3o, Odontopediatria.<\/p>\n<p style=\"font-weight: 400;\">A M3L Clinic pessoa coletiva n\u00famero 509 412 793, \u00e9 respons\u00e1vel pelo website <a href=\"http:\/\/www.m3l-clinic.pt\/en\/\">http:\/\/www.m3l-clinic.pt<\/a>. No acesso ao website da empresa, concorda com o uso que a M3L Clinic possa fazer da informa\u00e7\u00e3o pessoal que submeta ou que seja recolhida no \u00e2mbito e nos termos da presente pol\u00edtica de privacidade. Ao fornecer qualquer informa\u00e7\u00e3o pessoal ao website http:\/\/www.m3l-clinic.pt compreende e aceita inequivocamente com a recolha e o processamento dessas informa\u00e7\u00f5es pessoais bem como a sua eventual transfer\u00eancia para outros parceiros, de acordo com as disposi\u00e7\u00f5es previstas nesta pol\u00edtica de privacidade e com a regulamenta\u00e7\u00e3o em vigor. Recolhemos apenas a informa\u00e7\u00e3o estritamente necess\u00e1ria ao processamento do seu pedido. Em cada situa\u00e7\u00e3o \u00e9 informado se os dados solicitados s\u00e3o ou n\u00e3o de recolha obrigat\u00f3ria.<\/p>\n<p style=\"font-weight: 400;\">O acesso ao nosso website e a disponibiliza\u00e7\u00e3o dos seus dados pessoais implica o conhecimento e aceita\u00e7\u00e3o desta Pol\u00edtica de Privacidade.<\/p>\n<ol start=\"3\">\n<li style=\"font-weight: 400;\">Como recolhemos os seus dados<\/li>\n<\/ol>\n<p style=\"font-weight: 400;\">Nesta Pol\u00edtica de Privacidade, o termo \u201cDados Pessoais\u201d significa o conjunto de informa\u00e7\u00f5es que se relacionam consigo e que nos permite identifica-lo(a), direta ou indiretamente. Os seus dados pessoais ser\u00e3o recolhidos e tratados pela M3L Clinic nas seguintes situa\u00e7\u00f5es:<\/p>\n<ol>\n<li>Caso nos contacte diretamente nomeadamente:\n<ul>\n<li>atrav\u00e9s do nosso website \u2013 pelo preenchimento do formul\u00e1rio para agendamento de consultas em cl\u00ednica ou por videochamada e\/ou se tiver outras quest\u00f5es enviando-nos um pedido de contacto; ou ainda quando se candidata a um emprego;<\/li>\n<li>quando nos contacta por telefone;<\/li>\n<li>quando nos contacta atrav\u00e9s de um dos nossos e-mails externos de apoio ao cliente;<\/li>\n<li>quando se dirige \u00e0 nossa clinica e se mostra interessado nos nossos servi\u00e7os deixando-nos os seus contactos;<\/li>\n<\/ul>\n<\/li>\n<li>Quando se dirige \u00e0 nossa cl\u00ednica para a realiza\u00e7\u00e3o de uma consulta ou outro servi\u00e7o que disponibilizamos;<\/li>\n<\/ol>\n<p style=\"font-weight: 400;\">\u00a0<\/p>\n<ol start=\"4\">\n<li style=\"font-weight: 400;\">Dados que podem ser recolhidos<\/li>\n<\/ol>\n<p style=\"font-weight: 400;\">Podem ser solicitadas informa\u00e7\u00f5es pessoais, incluindo, mas n\u00e3o limitidas a:<\/p>\n<ul>\n<li><strong><em>Dados de contacto<\/em><\/strong><strong>:\u00a0<\/strong>Nome, morada, contacto telef\u00f3nico e endere\u00e7o de e-mail;<\/li>\n<li><strong><em>Dados\u00a0Caracter\u00edsticas Pessoais:\u00a0<\/em><\/strong>G\u00e9nero, idade, data de nascimento;<\/li>\n<li><strong><em>Dados de sa\u00fade e Consulta:<\/em><\/strong>Historial de sa\u00fade de doen\u00e7as e alergias, assim como dados de sa\u00fade oral; Informa\u00e7\u00e3o relativa \u00e0 sua utiliza\u00e7\u00e3o dos servi\u00e7os que lhe disponibilizamos na nossa cl\u00ednica, incluindo, mas n\u00e3o limitado, ao tipo de tratamento, de subst\u00e2ncias e materiais utilizados, e trabalhos espec\u00edficos de laborat\u00f3rio;<\/li>\n<li><strong><em>Dados de transa\u00e7\u00e3o<\/em><\/strong><strong><em>e intera\u00e7\u00e3o:<\/em><\/strong>\u00a0como o n\u00famero de contribuinte.<\/li>\n<li><strong><em>Outros dados pessoais<\/em><\/strong><strong>:<\/strong>Informa\u00e7\u00e3o que nos tenha sido facultada acerca da sua data de anivers\u00e1rio, foto, escolaridade, agregado familiar \/ situa\u00e7\u00e3o familiar;<\/li>\n<\/ul>\n<p style=\"font-weight: 400;\">\u00a0<\/p>\n<p style=\"font-weight: 400;\">Pode ainda escolher divulgar voluntariamente outras informa\u00e7\u00f5es p.e. enquanto usar o Website ou quando nos envia um e-mail, que n\u00f3s n\u00e3o solicitamos. Em tais casos, ser\u00e1 o \u00fanico respons\u00e1vel de tal informa\u00e7\u00e3o.<\/p>\n<ol start=\"5\">\n<li style=\"font-weight: 400;\">Para que Finalidades Utilizamos os seus Dados<\/li>\n<\/ol>\n<p style=\"font-weight: 400;\">Toda a informa\u00e7\u00e3o que recolhemos \u00e9 registada, utilizada e protegida em conformidade com legisla\u00e7\u00e3o nacional e comunit\u00e1ria vigente em mat\u00e9ria de prote\u00e7\u00e3o de dados e com esta pol\u00edtica de privacidade.<\/p>\n<p style=\"font-weight: 400;\">Os seus dados ser\u00e3o processados de acordo com pelo menos um fundamento jur\u00eddico nos termos do Regulamento Geral de Prote\u00e7\u00e3o de Dados (RGPD) e para as seguintes finalidades:<\/p>\n<ul>\n<li>Presta\u00e7\u00e3o de um Servi\u00e7o e Assist\u00eancia ao Cliente (Art. 6\u00ba(1) al. b), c) e f) do RGPD)<\/li>\n<\/ul>\n<p style=\"font-weight: 400;\">A M3L Clinic utiliza os seus dados pessoais para emiss\u00e3o de faturas pelos servi\u00e7os prestados, gest\u00e3o das suas consultas (confirma\u00e7\u00e3o de consulta agendada), defini\u00e7\u00e3o do seu Plano de Tratamento, resposta a pedidos de informa\u00e7\u00f5es e d\u00favidas (a que n\u00e3o tenha sido poss\u00edvel responder de imediato).<\/p>\n<p style=\"font-weight: 400;\">Utiliza ainda os seus dados para garantir o sucesso de todos os tratamentos propostos uma vez que \u00e9 necess\u00e1rio ter conhecimento das informa\u00e7\u00f5es referentes \u00e0 sa\u00fade por forma a garantir o bem estar do paciente (Alergias\/diabetes\/gravidez, etc.)<\/p>\n<p style=\"font-weight: 400;\">A M3LClinic tamb\u00e9m trata os seus dados no \u00e2mbito desta finalidade, para otimizar a sua experi\u00eancia com o nosso servi\u00e7o de apoio ao cliente por exemplo para o identificar corretamente sempre que entra em contacto connosco.<\/p>\n<ul>\n<li>Fornecer servi\u00e7os em videochamada(Art. 6\u00ba(1) al. b), c) e f) do RGPD)<\/li>\n<\/ul>\n<p style=\"font-weight: 400;\">Quando utiliza os nossos servi\u00e7os de videochamada, utilizamos a sua entrada de voz, imagens, v\u00eddeos e outras informa\u00e7\u00f5es pessoais para responder aos seus pedidos, prestar-lhe o servi\u00e7o solicitado e melhorar os nossos servi\u00e7os.<\/p>\n<ul>\n<li><strong>Comunica\u00e7\u00f5es com o titular\u00a0<\/strong>(Art. 6\u00ba (1) al. a), b) e f) do RGPD)<\/li>\n<\/ul>\n<p style=\"font-weight: 400;\">Utilizamos as suas informa\u00e7\u00f5es pessoais para comunicar consigo em rela\u00e7\u00e3o aos diferentes Servi\u00e7os M3L Clinic por si solicitados, atrav\u00e9s de diferentes canais (por exemplo, por telefone, SMS, e-mail, chat)<\/p>\n<ul>\n<li>Cumprimento de obriga\u00e7\u00f5es legais a que a M3L Clinic se encontre sujeita (Art. 6\u00ba (1) al. c) e f) do RGPD)<\/li>\n<\/ul>\n<p style=\"font-weight: 400;\">A M3L Clinic tamb\u00e9m ir\u00e1 tratar dados pessoais caso tenha obriga\u00e7\u00e3o legal de faz\u00ea-lo. Poder\u00e1 ser o caso, por exemplo, da emiss\u00e3o de faturas. A M3L Clinic encontra-se sujeita a uma multiplicidade de obriga\u00e7\u00f5es legais. Poderemos tratar os seus dados pessoais na medida do necess\u00e1rio para cumprimento destas obriga\u00e7\u00f5es, bem como transmiti-los \u00e0s autoridades mediante notifica\u00e7\u00e3o.<\/p>\n<ol start=\"6\">\n<li style=\"font-weight: 400;\">Privacidade de Menores<\/li>\n<\/ol>\n<p style=\"font-weight: 400;\">A M3L Clinic est\u00e1 empenhada na prote\u00e7\u00e3o da privacidade de crian\u00e7as e jovens e apenas recolhe dados pessoais de titulares com idade inferior a 18 anos mediante autoriza\u00e7\u00e3o por escrito do seu respons\u00e1vel parental.<\/p>\n<p style=\"font-weight: 400;\">Incentivamos os pais\/tutores e respons\u00e1veis por menores com idade inferior a 13 anos a supervisionarem regularmente a utiliza\u00e7\u00e3o do correio eletr\u00f3nico e as outras atividades na internet das crian\u00e7as.<\/p>\n<ol start=\"7\">\n<li style=\"font-weight: 400;\">Direitos do Titular<\/li>\n<\/ol>\n<p style=\"font-weight: 400;\">De acordo com o regulamento RGPD (UE) 2016\/679, poder\u00e1 solicitar, em qualquer momento, o acesso aos dados pessoais que lhe digam respeito, bem como a sua retifica\u00e7\u00e3o, elimina\u00e7\u00e3o ou a limita\u00e7\u00e3o do seu tratamento, a portabilidade dos seus dados, ou opor-se ao seu tratamento \u2013 verificadas as condi\u00e7\u00f5es legalmente previstas.<\/p>\n<p style=\"font-weight: 400;\">Enquanto titular dos dados tem ainda o direito de retirar o seu consentimento a qualquer momento. A retirada do consentimento n\u00e3o compromete a licitude do tratamento efetuado com base no consentimento previamente dado.<\/p>\n<p style=\"font-weight: 400;\">Na\u00a0<strong>M3L Clinic<\/strong>, um de pedido de exerc\u00edcio de um direito enquanto titular de dados, s\u00f3 ser\u00e1 aceite se realizado por escrito, para cumprimento de obriga\u00e7\u00e3o legal por parte da M3L Clinic. Para o efeito dever\u00e1 ser utilizado um dos meios disponibilizados e que constam nesta Pol\u00edtica de Privacidade. A resposta da M3L Clinic aos pedidos recebidos, ser\u00e1 tamb\u00e9m realizada por escrito ou por meios eletr\u00f3nicos como o e-mail, no prazo de 30 dias, tal como requerido no artigo 12\u00ba do RGPD (UE) 2016\/679. A identidade do titular poder\u00e1 ser verificada, pelo que se n\u00e3o forem enviados dados suficientes que permitam identificar o titular, dados adicionais poder\u00e3o ser solicitados.<\/p>\n<p style=\"font-weight: 400;\">No geral, pedidos de esquecimento de dados verbais, n\u00e3o s\u00e3o considerados v\u00e1lidos. Para eventuais pedidos realizados via website a resposta da M3L Clinic ser\u00e1 sempre via e-mail ou correio e n\u00e3o por via canais web.<\/p>\n<ul>\n<li><strong>Como posso exercer os meus direitos<\/strong>.<\/li>\n<\/ul>\n<p style=\"font-weight: 400;\">Para retirar o seu consentimento e\/ou exercer qualquer um dos direitos previstos no RGPD &#8211; Regulamento (UE) 2016\/679, deve enviar o pedido por escrito utilizando um dos seguintes meios:<\/p>\n<ul>\n<li>para a morada da M3L Clinic sita na\u00a0<strong>Avenida da Rep\u00fablica, n\u00ba 82, 3\u00ba Piso, 1600-205 Lisboa<\/strong>;<\/li>\n<li>para o e-mail\u00a0<a href=\"mailto:geral@m3l-clinic.pt\">geral@m3l-clinic.pt<\/a><\/li>\n<\/ul>\n<p style=\"font-weight: 400;\">\u00a0<\/p>\n<ul>\n<li>Reclama\u00e7\u00f5es<\/li>\n<\/ul>\n<p style=\"font-weight: 400;\">Assiste-lhe, ainda, o direito a apresentar uma reclama\u00e7\u00e3o \u00e0 Autoridade de Supervis\u00e3o\u00a0Competente, nomeadamente junto da\u00a0<a href=\"https:\/\/cnpd.pt\/cidadaos\/direitos\/direito-de-acesso-aos-dados\/\">CNPD \u2013Comiss\u00e3o Nacional de Prote\u00e7\u00e3o de Dados<\/a>, caso entenda que o tratamento dos seus dados viola o regime legal em vigor.<\/p>\n<ol start=\"8\">\n<li style=\"font-weight: 400;\">Social Media e Pol\u00edtica de Cookies<\/li>\n<\/ol>\n<ul>\n<li><strong>Informa\u00e7\u00e3o Recolhida Automaticamente no website<\/strong><\/li>\n<\/ul>\n<p style=\"font-weight: 400;\">Quando visitar o nosso website, recolhemos automaticamente algumas informa\u00e7\u00f5es, onde se incluem, mas n\u00e3o se limitam a: informa\u00e7\u00f5es sobre o dispositivo utilizado, as funcionalidades que utiliza, os an\u00fancios que visualiza, o tempo da sua visita e que p\u00e1ginas visitou dentro do nosso\u00a0website. S\u00e3o tamb\u00e9m recolhidos dados sobre o seu endere\u00e7o IP (Internet Protocol), o seu ISP (Internet Service Provider, como o Sapo, Clix, ou outro), o browser que utilizou ao visitar o nosso website (como o Internet Explorer ou o Firefox, bem como outras informa\u00e7\u00f5es similares.<\/p>\n<ul>\n<li><strong>Utiliza\u00e7\u00e3o de Cookies e Web Beacons<\/strong><\/li>\n<\/ul>\n<p style=\"font-weight: 400;\">Utilizamos cookies para armazenar informa\u00e7\u00e3o, tais como as suas prefer\u00eancias pessoais quando visita o nosso website. Isto poder\u00e1 incluir um simples popup, ou uma liga\u00e7\u00e3o em v\u00e1rios servi\u00e7os que providenciamos.<\/p>\n<p style=\"font-weight: 400;\">\u00c9 poss\u00edvel desligar os seus cookies, nas op\u00e7\u00f5es do browser, ou efetuando altera\u00e7\u00f5es nas ferramentas de programas Anti-Virus. No entanto, isso poder\u00e1 alterar a forma como interage com o nosso website, ou outros websites.<\/p>\n<ol start=\"9\">\n<li style=\"font-weight: 400;\">Partilha de Dados<\/li>\n<\/ol>\n<ul>\n<li><strong>Transfer\u00eancia de Dados para fora da Uni\u00e3o Europeia<\/strong><\/li>\n<\/ul>\n<p style=\"font-weight: 400;\">Os dados pessoais recolhidos e utilizados pela M3L Clinic n\u00e3o s\u00e3o disponibilizados a terceiros estabelecidos fora da Uni\u00e3o Europeia.<\/p>\n<ul>\n<li><strong>A M3L Clinic poder\u00e1 comunicar os seus dados pessoais a\/quando:<\/strong>\n<ul>\n<li>Entidades subcontratadas para as finalidades descritas nesta Politica de Privacidade, nos termos dos contratos celebrados com as mesmas, incluindo (i) com os nossos parceiros autorizados, no caso de necessidade de constru\u00e7\u00e3o ou manuten\u00e7\u00e3o de pr\u00f3teses dent\u00e1rias (iii) com os nossos parceiros autorizados, no caso de aparelhos de ortond\u00f4ntia (iv) com entidades que prestem servi\u00e7o no \u00e2mbito dos seguros de sa\u00fade, no caso de utiliza\u00e7\u00e3o de seguro de sa\u00fade.<\/li>\n<li>Tais comunica\u00e7\u00f5es de dados sejam necess\u00e1rias ou adequadas (i) \u00e0 luz da lei aplic\u00e1vel (ii) seja efetuada no \u00e2mbito do cumprimento de uma obriga\u00e7\u00e3o legal\/ordem judicial, (iii) de uma delibera\u00e7\u00e3o da Comiss\u00e3o Nacional de Prote\u00e7\u00e3o de Dados ou de outra autoridade de controlo competente, ou (iv) para responder a solicita\u00e7\u00f5es de autoridades p\u00fablicas ou governamentais;<\/li>\n<\/ul>\n<\/li>\n<\/ul>\n<ol start=\"10\">\n<li style=\"font-weight: 400;\">Per\u00edodo de Conserva\u00e7\u00e3o de Dados Pessoais<\/li>\n<\/ol>\n<p style=\"font-weight: 400;\">De acordo com o Art 5\u00ba (1) al. e) do RGPD, os seus dados pessoais ser\u00e3o guardados pelo per\u00edodo de tempo necess\u00e1rio para os fins para os quais foram recolhidos ou pelo per\u00edodo de tempo legalmente exigido por outras legisla\u00e7\u00f5es em vigor no Estado Portugu\u00eas a que a M3L Clinic tem de responder.<\/p>\n<ol start=\"11\">\n<li style=\"font-weight: 400;\">Como \u00e9 que mantemos os seus dados pessoais seguros<\/li>\n<\/ol>\n<p style=\"font-weight: 400;\">Utilizamos uma diversidade de medidas de seguran\u00e7a, incluindo encripta\u00e7\u00e3o e ferramentas de autentica\u00e7\u00e3o, para ajudar a proteger e manter a seguran\u00e7a, integridade e disponibilidade dos seus dados pessoais.<\/p>\n<p style=\"font-weight: 400;\">Apesar de a transmiss\u00e3o de dados atrav\u00e9s da internet ou website n\u00e3o poder garantir total seguran\u00e7a contra intrus\u00f5es, n\u00f3s e os nossos prestadores de servi\u00e7os fizemos os melhores esfor\u00e7os para implementar e manter medidas de seguran\u00e7a f\u00edsica, eletr\u00f3nica e procedimental destinadas a proteger os seus dados pessoais em conformidade com os requisitos de prote\u00e7\u00e3o de dados aplic\u00e1veis. Entre outras, implement\u00e1mos as seguintes:<\/p>\n<ol>\n<li style=\"font-weight: 400;\">Todos os dados transmitidos no website, utilizam a norma\u00a0 SSL (Secure Socket Layer). O SSL \u00e9 uma norma comprovadamente segura. Pode confirmar que a liga\u00e7\u00e3o \u00e9 segura, atrav\u00e9s da utiliza\u00e7\u00e3o do anexo\u00a0<strong>https: \/\/www.m3l-clinic.pt <\/strong>no endere\u00e7o do browser e\/ou o icon de cadeado do navegador<\/li>\n<li style=\"font-weight: 400;\">Acesso pessoal restrito aos seus dados pessoais com base no crit\u00e9rio da granularidade e apenas no \u00e2mbito das finalidades comunicadas<\/li>\n<\/ol>\n<p style=\"font-weight: 400;\">iii. Transfer\u00eancia de dados recolhidos apenas de forma encriptada<\/p>\n<ol>\n<li style=\"font-weight: 400;\">Armazenamento de dados altamente confidenciais apenas de forma encriptada;<\/li>\n<li style=\"font-weight: 400;\">Prote\u00e7\u00e3o dos sistemas de TI atrav\u00e9s de firewalls, tendo em vista impedir o acesso n\u00e3o autorizado aos seus dados pessoais<\/li>\n<li style=\"font-weight: 400;\">Monitoriza\u00e7\u00e3o permanente dos acessos aos sistemas de tecnologias da informa\u00e7\u00e3o tendo em vista prevenir, detetar e impedir o uso indevido dos seus dados pessoais.<\/li>\n<\/ol>\n\t\t\t\t\t\t\t\t<\/div>\n\t\t\t\t<\/div>\n\t\t\t\t\t<\/div>\n\t\t<\/div>\n\t\t\t\t\t<\/div>\n\t\t<\/section>\n\t\t\t\t<\/div>","protected":false},"excerpt":{"rendered":"<p>Pol\u00edtica de privacidade da M3L Clinic O nosso compromisso de privacidade Na\u00a0M3L Clinic, compreendemos que a utiliza\u00e7\u00e3o dos seus dados pessoais requer a sua confian\u00e7a.A confidencialidade e a integridade dos seus dados pessoais \u00e9 uma das nossas principais preocupa\u00e7\u00f5es. Estamos sujeitos aos mais elevados padr\u00f5es de privacidade e apenas iremos utilizar os seus dados pessoais [&hellip;]<\/p>\n","protected":false},"author":1,"featured_media":0,"parent":0,"menu_order":0,"comment_status":"closed","ping_status":"open","template":"","meta":{"inline_featured_image":false,"footnotes":""},"class_list":["post-3","page","type-page","status-publish","hentry"],"_links":{"self":[{"href":"https:\/\/www.m3l-clinic.pt\/en\/wp-json\/wp\/v2\/pages\/3","targetHints":{"allow":["GET"]}}],"collection":[{"href":"https:\/\/www.m3l-clinic.pt\/en\/wp-json\/wp\/v2\/pages"}],"about":[{"href":"https:\/\/www.m3l-clinic.pt\/en\/wp-json\/wp\/v2\/types\/page"}],"author":[{"embeddable":true,"href":"https:\/\/www.m3l-clinic.pt\/en\/wp-json\/wp\/v2\/users\/1"}],"replies":[{"embeddable":true,"href":"https:\/\/www.m3l-clinic.pt\/en\/wp-json\/wp\/v2\/comments?post=3"}],"version-history":[{"count":3,"href":"https:\/\/www.m3l-clinic.pt\/en\/wp-json\/wp\/v2\/pages\/3\/revisions"}],"predecessor-version":[{"id":980,"href":"https:\/\/www.m3l-clinic.pt\/en\/wp-json\/wp\/v2\/pages\/3\/revisions\/980"}],"wp:attachment":[{"href":"https:\/\/www.m3l-clinic.pt\/en\/wp-json\/wp\/v2\/media?parent=3"}],"curies":[{"name":"wp","href":"https:\/\/api.w.org\/{rel}","templated":true}]}}